                                                                                                                                                                                                                                                                                                                                                                                                                                                                                                    {"id":7,"date":"2020-06-28T18:13:50","date_gmt":"2020-06-28T21:13:50","guid":{"rendered":"https:\/\/www.conexaonatureza.com\/cursos\/cursos\/"},"modified":"2021-10-04T11:54:07","modified_gmt":"2021-10-04T14:54:07","slug":"cursos","status":"publish","type":"page","link":"https:\/\/www.conexaonatureza.com\/cursos\/","title":{"rendered":"Cursos"},"content":{"rendered":"\t\t<div data-elementor-type=\"wp-page\" data-elementor-id=\"7\" class=\"elementor elementor-7\">\n\t\t\t\t\t\t<div class=\"elementor-inner\">\n\t\t\t\t<div class=\"elementor-section-wrap\">\n\t\t\t\t\t\t\t\t\t<section class=\"elementor-section elementor-top-section elementor-element elementor-element-07762a9 elementor-section-boxed elementor-section-height-default elementor-section-height-default\" data-id=\"07762a9\" data-element_type=\"section\">\n\t\t\t\t\t\t<div class=\"elementor-container elementor-column-gap-default\">\n\t\t\t\t\t\t\t<div class=\"elementor-row\">\n\t\t\t\t\t<div class=\"elementor-column elementor-col-50 elementor-top-column elementor-element elementor-element-0c8110d\" data-id=\"0c8110d\" data-element_type=\"column\">\n\t\t\t<div class=\"elementor-column-wrap elementor-element-populated\">\n\t\t\t\t\t\t\t<div class=\"elementor-widget-wrap\">\n\t\t\t\t\t\t<div class=\"elementor-element elementor-element-d296a30 elementor-widget elementor-widget-image\" data-id=\"d296a30\" data-element_type=\"widget\" data-widget_type=\"image.default\">\n\t\t\t\t<div class=\"elementor-widget-container\">\n\t\t\t\t\t\t\t\t<div class=\"elementor-image\">\n\t\t\t\t\t\t\t\t\t\t\t\t<img width=\"1024\" height=\"510\" src=\"https:\/\/www.conexaonatureza.com\/cursos\/wp-content\/uploads\/2021\/09\/crianca-e\u0301-natureza-1024x510.jpeg\" class=\"attachment-large size-large\" alt=\"\" loading=\"lazy\" srcset=\"https:\/\/www.conexaonatureza.com\/cursos\/wp-content\/uploads\/2021\/09\/crianca-e\u0301-natureza-1024x510.jpeg 1024w, https:\/\/www.conexaonatureza.com\/cursos\/wp-content\/uploads\/2021\/09\/crianca-e\u0301-natureza-300x149.jpeg 300w, https:\/\/www.conexaonatureza.com\/cursos\/wp-content\/uploads\/2021\/09\/crianca-e\u0301-natureza-768x382.jpeg 768w, https:\/\/www.conexaonatureza.com\/cursos\/wp-content\/uploads\/2021\/09\/crianca-e\u0301-natureza.jpeg 1280w\" sizes=\"(max-width: 1024px) 100vw, 1024px\" \/>\t\t\t\t\t\t\t\t\t\t\t\t\t\t<\/div>\n\t\t\t\t\t\t<\/div>\n\t\t\t\t<\/div>\n\t\t\t\t\t\t<\/div>\n\t\t\t\t\t<\/div>\n\t\t<\/div>\n\t\t\t\t<div class=\"elementor-column elementor-col-50 elementor-top-column elementor-element elementor-element-5f3d2aa\" data-id=\"5f3d2aa\" data-element_type=\"column\">\n\t\t\t<div class=\"elementor-column-wrap elementor-element-populated\">\n\t\t\t\t\t\t\t<div class=\"elementor-widget-wrap\">\n\t\t\t\t\t\t<div class=\"elementor-element elementor-element-9f502c2 elementor-widget elementor-widget-heading\" data-id=\"9f502c2\" data-element_type=\"widget\" data-widget_type=\"heading.default\">\n\t\t\t\t<div class=\"elementor-widget-container\">\n\t\t\t<h2 class=\"elementor-heading-title elementor-size-default\">Curso Crian\u00e7a \u00e9 Natureza - Inspira\u00e7\u00f5es para a escola brasileira<\/h2>\t\t<\/div>\n\t\t\t\t<\/div>\n\t\t\t\t<div class=\"elementor-element elementor-element-f090877 elementor-widget elementor-widget-text-editor\" data-id=\"f090877\" data-element_type=\"widget\" data-widget_type=\"text-editor.default\">\n\t\t\t\t<div class=\"elementor-widget-container\">\n\t\t\t\t\t\t\t\t<div class=\"elementor-text-editor elementor-clearfix\">\n\t\t\t\tA segunda edi\u00e7\u00e3o do curso virtual Crian\u00e7a \u00e9 Natureza &#8211; Inspira\u00e7\u00f5es para a escola brasileira promove momentos de reflex\u00e3o sobre a import\u00e2ncia das experi\u00eancias das crian\u00e7as na natureza para o seu desenvolvimento integral e para criar condi\u00e7\u00f5es que favore\u00e7am essa rela\u00e7\u00e3o na escola e na vida cotidiana.\t\t\t\t\t<\/div>\n\t\t\t\t\t\t<\/div>\n\t\t\t\t<\/div>\n\t\t\t\t<div class=\"elementor-element elementor-element-c4b0a15 elementor-widget elementor-widget-button\" data-id=\"c4b0a15\" data-element_type=\"widget\" data-widget_type=\"button.default\">\n\t\t\t\t<div class=\"elementor-widget-container\">\n\t\t\t\t\t<div class=\"elementor-button-wrapper\">\n\t\t\t<a href=\"https:\/\/www.conexaonatureza.com\/cursos\/curso-crianca-e-natureza\/\" class=\"elementor-button-link elementor-button elementor-size-sm\" role=\"button\">\n\t\t\t\t\t\t<span class=\"elementor-button-content-wrapper\">\n\t\t\t\t\t\t<span class=\"elementor-button-text\">Participe<\/span>\n\t\t<\/span>\n\t\t\t\t\t<\/a>\n\t\t<\/div>\n\t\t\t\t<\/div>\n\t\t\t\t<\/div>\n\t\t\t\t\t\t<\/div>\n\t\t\t\t\t<\/div>\n\t\t<\/div>\n\t\t\t\t\t\t\t\t<\/div>\n\t\t\t\t\t<\/div>\n\t\t<\/section>\n\t\t\t\t<section class=\"elementor-section elementor-top-section elementor-element elementor-element-88fa06c elementor-section-boxed elementor-section-height-default elementor-section-height-default\" data-id=\"88fa06c\" data-element_type=\"section\">\n\t\t\t\t\t\t<div class=\"elementor-container elementor-column-gap-default\">\n\t\t\t\t\t\t\t<div class=\"elementor-row\">\n\t\t\t\t\t<div class=\"elementor-column elementor-col-50 elementor-top-column elementor-element elementor-element-5fdb429\" data-id=\"5fdb429\" data-element_type=\"column\">\n\t\t\t<div class=\"elementor-column-wrap elementor-element-populated\">\n\t\t\t\t\t\t\t<div class=\"elementor-widget-wrap\">\n\t\t\t\t\t\t<div class=\"elementor-element elementor-element-16104f8 elementor-widget elementor-widget-image\" data-id=\"16104f8\" data-element_type=\"widget\" data-widget_type=\"image.default\">\n\t\t\t\t<div class=\"elementor-widget-container\">\n\t\t\t\t\t\t\t\t<div class=\"elementor-image\">\n\t\t\t\t\t\t\t\t\t\t\t\t<img width=\"1024\" height=\"480\" src=\"https:\/\/www.conexaonatureza.com\/cursos\/wp-content\/uploads\/2021\/07\/logo-curso-natureza-1-1024x480.png\" class=\"attachment-large size-large\" alt=\"\" loading=\"lazy\" srcset=\"https:\/\/www.conexaonatureza.com\/cursos\/wp-content\/uploads\/2021\/07\/logo-curso-natureza-1-1024x480.png 1024w, https:\/\/www.conexaonatureza.com\/cursos\/wp-content\/uploads\/2021\/07\/logo-curso-natureza-1-300x140.png 300w, https:\/\/www.conexaonatureza.com\/cursos\/wp-content\/uploads\/2021\/07\/logo-curso-natureza-1-768x360.png 768w, https:\/\/www.conexaonatureza.com\/cursos\/wp-content\/uploads\/2021\/07\/logo-curso-natureza-1-1536x719.png 1536w, https:\/\/www.conexaonatureza.com\/cursos\/wp-content\/uploads\/2021\/07\/logo-curso-natureza-1-2048x959.png 2048w\" sizes=\"(max-width: 1024px) 100vw, 1024px\" \/>\t\t\t\t\t\t\t\t\t\t\t\t\t\t<\/div>\n\t\t\t\t\t\t<\/div>\n\t\t\t\t<\/div>\n\t\t\t\t\t\t<\/div>\n\t\t\t\t\t<\/div>\n\t\t<\/div>\n\t\t\t\t<div class=\"elementor-column elementor-col-50 elementor-top-column elementor-element elementor-element-78d3426\" data-id=\"78d3426\" data-element_type=\"column\">\n\t\t\t<div class=\"elementor-column-wrap elementor-element-populated\">\n\t\t\t\t\t\t\t<div class=\"elementor-widget-wrap\">\n\t\t\t\t\t\t<div class=\"elementor-element elementor-element-1dc6fee elementor-widget elementor-widget-heading\" data-id=\"1dc6fee\" data-element_type=\"widget\" data-widget_type=\"heading.default\">\n\t\t\t\t<div class=\"elementor-widget-container\">\n\t\t\t<h2 class=\"elementor-heading-title elementor-size-default\">Curso ReConex\u00e3o Crian\u00e7a e Natureza<\/h2>\t\t<\/div>\n\t\t\t\t<\/div>\n\t\t\t\t<div class=\"elementor-element elementor-element-49f13c5 elementor-widget elementor-widget-text-editor\" data-id=\"49f13c5\" data-element_type=\"widget\" data-widget_type=\"text-editor.default\">\n\t\t\t\t<div class=\"elementor-widget-container\">\n\t\t\t\t\t\t\t\t<div class=\"elementor-text-editor elementor-clearfix\">\n\t\t\t\t<p>Forma\u00e7\u00e3o completa e interativa. Encontros ao vivo e mais de 5 horas de material gravado com Christiana Profice e Fernando Grenno, Professora titular e Doutorando da Universidade Estadual de Santa Cruz (UESC), em Ilh\u00e9us, na Bahia.<\/p>\t\t\t\t\t<\/div>\n\t\t\t\t\t\t<\/div>\n\t\t\t\t<\/div>\n\t\t\t\t<div class=\"elementor-element elementor-element-170b548 elementor-widget elementor-widget-button\" data-id=\"170b548\" data-element_type=\"widget\" data-widget_type=\"button.default\">\n\t\t\t\t<div class=\"elementor-widget-container\">\n\t\t\t\t\t<div class=\"elementor-button-wrapper\">\n\t\t\t<a href=\"https:\/\/www.conexaonatureza.com\/cursos\/curso-reconexao\/\" class=\"elementor-button-link elementor-button elementor-size-sm\" role=\"button\">\n\t\t\t\t\t\t<span class=\"elementor-button-content-wrapper\">\n\t\t\t\t\t\t<span class=\"elementor-button-text\">Participe<\/span>\n\t\t<\/span>\n\t\t\t\t\t<\/a>\n\t\t<\/div>\n\t\t\t\t<\/div>\n\t\t\t\t<\/div>\n\t\t\t\t\t\t<\/div>\n\t\t\t\t\t<\/div>\n\t\t<\/div>\n\t\t\t\t\t\t\t\t<\/div>\n\t\t\t\t\t<\/div>\n\t\t<\/section>\n\t\t\t\t\t\t\t\t\t<\/div>\n\t\t\t<\/div>\n\t\t\t\t\t<\/div>\n\t\t","protected":false},"excerpt":{"rendered":"<p>Curso Crian\u00e7a \u00e9 Natureza &#8211; Inspira\u00e7\u00f5es para a escola brasileira A segunda edi\u00e7\u00e3o do curso virtual Crian\u00e7a \u00e9 Natureza &#8211; Inspira\u00e7\u00f5es para a escola brasileira promove momentos de reflex\u00e3o sobre a import\u00e2ncia das experi\u00eancias das crian\u00e7as na natureza para o seu desenvolvimento integral e para criar condi\u00e7\u00f5es que favore\u00e7am essa rela\u00e7\u00e3o na escola e na&hellip;&nbsp;<a href=\"https:\/\/www.conexaonatureza.com\/cursos\/\" class=\"\" rel=\"bookmark\">Continue a ler &raquo;<span class=\"screen-reader-text\">Cursos<\/span><\/a><\/p>\n","protected":false},"author":1,"featured_media":0,"parent":0,"menu_order":0,"comment_status":"closed","ping_status":"closed","template":"templates\/builder-fullwidth-std.php","meta":{"neve_meta_sidebar":"full-width","neve_meta_container":"contained","neve_meta_enable_content_width":"on","neve_meta_content_width":90,"neve_meta_title_alignment":"","neve_meta_author_avatar":"","neve_post_elements_order":"","neve_meta_disable_header":"off","neve_meta_disable_footer":"","neve_meta_disable_title":"on"},"_links":{"self":[{"href":"https:\/\/www.conexaonatureza.com\/cursos\/wp-json\/wp\/v2\/pages\/7"}],"collection":[{"href":"https:\/\/www.conexaonatureza.com\/cursos\/wp-json\/wp\/v2\/pages"}],"about":[{"href":"https:\/\/www.conexaonatureza.com\/cursos\/wp-json\/wp\/v2\/types\/page"}],"author":[{"embeddable":true,"href":"https:\/\/www.conexaonatureza.com\/cursos\/wp-json\/wp\/v2\/users\/1"}],"replies":[{"embeddable":true,"href":"https:\/\/www.conexaonatureza.com\/cursos\/wp-json\/wp\/v2\/comments?post=7"}],"version-history":[{"count":23,"href":"https:\/\/www.conexaonatureza.com\/cursos\/wp-json\/wp\/v2\/pages\/7\/revisions"}],"predecessor-version":[{"id":1852,"href":"https:\/\/www.conexaonatureza.com\/cursos\/wp-json\/wp\/v2\/pages\/7\/revisions\/1852"}],"wp:attachment":[{"href":"https:\/\/www.conexaonatureza.com\/cursos\/wp-json\/wp\/v2\/media?parent=7"}],"curies":[{"name":"wp","href":"https:\/\/api.w.org\/{rel}","templated":true}]}}